{"id":1049,"date":"2018-09-24T19:30:31","date_gmt":"2018-09-24T17:30:31","guid":{"rendered":"http:\/\/www.aicdogschool.it\/blog\/?page_id=1049"},"modified":"2025-05-05T18:03:37","modified_gmt":"2025-05-05T16:03:37","slug":"dogs-family-help","status":"publish","type":"page","link":"https:\/\/www.aicdogschool.it\/blog\/dogs-family-help\/","title":{"rendered":"Dog&#8217;s Family Help"},"content":{"rendered":"\n<h1 class=\"wp-block-heading\"><span style=\"color: #ff6600;\"><strong>DOG&#8217;S FAMILY HELP<\/strong><\/span><\/h1>\n\n\n\n<p class=\"has-text-align-center\"><span style=\"color: #990033;\">Hai bisogno di aiuto? Gli impegni familiari e di lavoro non ti lasciano molto tempo libero e non vuoi che a farne le spese sia il tuo amato fido?<\/span><\/p>\n\n\n<div class=\"wp-block-image\">\n<figure class=\"aligncenter\"><img loading=\"lazy\" decoding=\"async\" width=\"1024\" height=\"558\" src=\"\/\/www.aicdogschool.it\/blog\/wp-content\/uploads\/2018\/09\/IMG_1810-ok-1024x558.jpg\" alt=\"\" class=\"wp-image-1053\" srcset=\"https:\/\/www.aicdogschool.it\/blog\/wp-content\/uploads\/2018\/09\/IMG_1810-ok-1024x558.jpg 1024w, https:\/\/www.aicdogschool.it\/blog\/wp-content\/uploads\/2018\/09\/IMG_1810-ok-300x164.jpg 300w, https:\/\/www.aicdogschool.it\/blog\/wp-content\/uploads\/2018\/09\/IMG_1810-ok-768x419.jpg 768w\" sizes=\"auto, (max-width: 767px) 89vw, (max-width: 1000px) 54vw, (max-width: 1071px) 543px, 580px\" \/><\/figure><\/div>\n\n\n<p class=\"has-text-align-center\"><span style=\"color: #003366;\"><strong>A.I.C. dog school<\/strong> \u00e8 lieta di presentarvi<\/span> <span style=\"color: #ff6600;\"><strong>&#8220;DOG&#8217;S FAMILY HELP&#8221; <\/strong><\/span><span style=\"color: #003366;\">con<\/span><span style=\"color: #003366;\">&nbsp;<\/span><span style=\"color: #008080;\"><strong><span style=\"color: #008080;\">3<span style=\"color: #00ccff;\"><span style=\"color: #003366;\"><img loading=\"lazy\" decoding=\"async\" class=\"alignnone wp-image-1238\" src=\"https:\/\/www.aicdogschool.it\/blog\/wp-content\/uploads\/2019\/09\/dog-family-help.png\" alt=\"\" width=\"16\" height=\"19\" srcset=\"https:\/\/www.aicdogschool.it\/blog\/wp-content\/uploads\/2019\/09\/dog-family-help.png 342w, https:\/\/www.aicdogschool.it\/blog\/wp-content\/uploads\/2019\/09\/dog-family-help-261x300.png 261w\" sizes=\"auto, (max-width: 16px) 100vw, 16px\" \/><\/span><\/span><\/span>&nbsp;<\/strong><\/span><span style=\"color: #003366;\">proposte<\/span><\/p>\n\n\n\n<p class=\"has-text-align-center\"><span style=\"color: #003366;\">pensate ad hoc per offrirvi un supporto!<\/span><\/p>\n\n\n\n<p class=\"has-text-align-center\"><strong><span style=\"color: #00ccff;\"><span style=\"color: #003366;\"><span style=\"color: #008080;\"><img loading=\"lazy\" decoding=\"async\" class=\"alignnone wp-image-1238\" src=\"https:\/\/www.aicdogschool.it\/blog\/wp-content\/uploads\/2019\/09\/dog-family-help.png\" alt=\"\" width=\"16\" height=\"19\" srcset=\"https:\/\/www.aicdogschool.it\/blog\/wp-content\/uploads\/2019\/09\/dog-family-help.png 342w, https:\/\/www.aicdogschool.it\/blog\/wp-content\/uploads\/2019\/09\/dog-family-help-261x300.png 261w\" sizes=\"auto, (max-width: 16px) 100vw, 16px\" \/><\/span><\/span>*<span style=\"color: #008080;\">DOG WALKING<\/span><\/span><span style=\"color: #00ccff;\">*,<\/span><\/strong>&nbsp;<strong><span style=\"color: #00ccff;\"><span style=\"color: #003366;\"><span style=\"color: #008080;\"><img loading=\"lazy\" decoding=\"async\" class=\"alignnone wp-image-1238\" src=\"https:\/\/www.aicdogschool.it\/blog\/wp-content\/uploads\/2019\/09\/dog-family-help.png\" alt=\"\" width=\"16\" height=\"19\" srcset=\"https:\/\/www.aicdogschool.it\/blog\/wp-content\/uploads\/2019\/09\/dog-family-help.png 342w, https:\/\/www.aicdogschool.it\/blog\/wp-content\/uploads\/2019\/09\/dog-family-help-261x300.png 261w\" sizes=\"auto, (max-width: 16px) 100vw, 16px\" \/><\/span><\/span><\/span><\/strong><strong><span style=\"color: #00ccff;\">*<\/span><span style=\"color: #008080;\">DOG WALKING PLUS<\/span><span style=\"color: #00ccff;\">* e <span style=\"color: #003366;\"><span style=\"color: #008080;\"><img loading=\"lazy\" decoding=\"async\" class=\"alignnone wp-image-1238\" src=\"https:\/\/www.aicdogschool.it\/blog\/wp-content\/uploads\/2019\/09\/dog-family-help.png\" alt=\"\" width=\"16\" height=\"19\" srcset=\"https:\/\/www.aicdogschool.it\/blog\/wp-content\/uploads\/2019\/09\/dog-family-help.png 342w, https:\/\/www.aicdogschool.it\/blog\/wp-content\/uploads\/2019\/09\/dog-family-help-261x300.png 261w\" sizes=\"auto, (max-width: 16px) 100vw, 16px\" \/><\/span><\/span>*<span style=\"color: #008080;\">VISITE A DOMICILIO<img loading=\"lazy\" decoding=\"async\" class=\"alignnone wp-image-1236\" src=\"https:\/\/www.aicdogschool.it\/blog\/wp-content\/uploads\/2019\/09\/visite-a-domicilio.png\" alt=\"\" width=\"20\" height=\"20\"><\/span><\/span><\/strong><strong><span style=\"color: #00ccff;\">*&nbsp;<\/span><\/strong><span style=\"color: #003366;\">!<\/span><\/p>\n\n\n\n<p><span style=\"color: #003366;\">Chi ha gi\u00e0 aderito al progetto&nbsp;<strong><span style=\"color: #ff6600;\">&#8220;DOG&#8217;S FAMILY HELP&#8221;<\/span>&nbsp;<\/strong>ne ha trovato subito giovamento! <\/span><\/p>\n\n\n\n<p><span style=\"color: #990033;\">Qualsiasi soluzione voi scegliate, noi abbiamo l&#8217;opportunit\u00e0 di creare un rapporto con i vostri cani, guadagnandoci di volta in volta la loro fiducia, cos\u00ec che i momenti che passeremo assieme vengano vissuti in relax e serenit\u00e0!<\/span><\/p>\n\n\n\n<p><span style=\"color: #003366;\"><strong><span style=\"color: #00ccff;\"><span style=\"color: #008080;\"><img loading=\"lazy\" decoding=\"async\" class=\"alignnone wp-image-1238\" src=\"https:\/\/www.aicdogschool.it\/blog\/wp-content\/uploads\/2019\/09\/dog-family-help.png\" alt=\"\" width=\"26\" height=\"30\" srcset=\"https:\/\/www.aicdogschool.it\/blog\/wp-content\/uploads\/2019\/09\/dog-family-help.png 342w, https:\/\/www.aicdogschool.it\/blog\/wp-content\/uploads\/2019\/09\/dog-family-help-261x300.png 261w\" sizes=\"auto, (max-width: 26px) 100vw, 26px\" \/>&nbsp;<\/span><\/span><\/strong>Le giornate si accorciano e non riesci a portare in passeggiata con regolarit\u00e0 il tuo cane?<\/span><\/p>\n\n\n\n<p><span style=\"color: #003366;\"><strong>AIC dog school<\/strong> ti offre il servizio di <strong><span style=\"color: #00ccff;\">*<\/span><span style=\"color: #008080;\">DOG WALKING<\/span><span style=\"color: #00ccff;\">* e *<span style=\"color: #008080;\">DOG WALKING PLUS<\/span>* <\/span><\/strong>!<\/span><\/p>\n\n\n\n<figure class=\"wp-block-image size-large\"><img loading=\"lazy\" decoding=\"async\" width=\"1024\" height=\"378\" src=\"https:\/\/www.aicdogschool.it\/blog\/wp-content\/uploads\/2023\/12\/DW-1024x378.jpeg\" alt=\"\" class=\"wp-image-1467\" srcset=\"https:\/\/www.aicdogschool.it\/blog\/wp-content\/uploads\/2023\/12\/DW-1024x378.jpeg 1024w, https:\/\/www.aicdogschool.it\/blog\/wp-content\/uploads\/2023\/12\/DW-300x111.jpeg 300w, https:\/\/www.aicdogschool.it\/blog\/wp-content\/uploads\/2023\/12\/DW-768x283.jpeg 768w, https:\/\/www.aicdogschool.it\/blog\/wp-content\/uploads\/2023\/12\/DW.jpeg 1128w\" sizes=\"auto, (max-width: 767px) 89vw, (max-width: 1000px) 54vw, (max-width: 1071px) 543px, 580px\" \/><\/figure>\n\n\n\n<h4 class=\"wp-block-heading has-vivid-red-color has-text-color\">\u2026quando tu non puoi, ci pensiamo Noi. <\/h4>\n\n\n\n<p class=\"has-luminous-vivid-orange-color has-text-color\"><strong>I<\/strong>&nbsp;*<strong>DOG WALKING<\/strong>* o *<strong>DOG WALKING PLUS<\/strong>* sono pensati per tutti coloro che per motivi diversi, passano del tempo lontano da casa lasciando solo il proprio cane<\/p>\n\n\n\n<p class=\"has-text-align-left\"><em>Oggi sono molte le persone che, purtroppo, hanno poco tempo da dedicare al proprio amico e non riescono a fare lunghe camminate in contesti ideali e realmente rilassanti per un cane. Spesso la passeggiata diventa l\u2019ultima cosa da fare, sempre di fretta e nei luoghi pi\u00f9 vicini a casa.&nbsp;Questo servizio nasce per andare incontro non solo alle esigenze del cane, ma anche a quelle dei proprietari che hanno a cuore il benessere dei propri amici a 4 zampe.<\/em><\/p>\n\n\n\n<p class=\"has-text-align-left\"><em><strong>Con i Dog Walking o Dog Walking Plus<\/strong>, i vostri cani verranno accompagnati da un Educatore A.I.C. dog school in una passeggiata di 30 o 60 minuti in contesti naturali con corda lunga per favorire un&#8217;uscita in pieno relax,&nbsp; oppure nella formula <strong>PLUS<\/strong>, presso il nostro centro cinofilo liberi di passeggiare e correre in oltre 5000 mq di prati verdi e coinvolti in attivit\u00e0 come <strong>Nose Work, Problem Solving e Mobility <\/strong>per poi essere comodamente riportati a casa ad attendere il vostro rientro.<\/em><\/p>\n\n\n\n<figure class=\"wp-block-image size-large\"><img loading=\"lazy\" decoding=\"async\" width=\"1024\" height=\"589\" src=\"https:\/\/www.aicdogschool.it\/blog\/wp-content\/uploads\/2023\/12\/DWP-1024x589.jpeg\" alt=\"\" class=\"wp-image-1468\" srcset=\"https:\/\/www.aicdogschool.it\/blog\/wp-content\/uploads\/2023\/12\/DWP-1024x589.jpeg 1024w, https:\/\/www.aicdogschool.it\/blog\/wp-content\/uploads\/2023\/12\/DWP-300x173.jpeg 300w, https:\/\/www.aicdogschool.it\/blog\/wp-content\/uploads\/2023\/12\/DWP-768x442.jpeg 768w, https:\/\/www.aicdogschool.it\/blog\/wp-content\/uploads\/2023\/12\/DWP.jpeg 1128w\" sizes=\"auto, (max-width: 767px) 89vw, (max-width: 1000px) 54vw, (max-width: 1071px) 543px, 580px\" \/><\/figure>\n\n\n\n<p><span style=\"color: #003366;\"><strong><span style=\"color: #00ccff;\"><span style=\"color: #008080;\"><img loading=\"lazy\" decoding=\"async\" width=\"26\" height=\"30\" class=\"alignnone wp-image-1238\" src=\"https:\/\/www.aicdogschool.it\/blog\/wp-content\/uploads\/2019\/09\/dog-family-help.png\" alt=\"\" srcset=\"https:\/\/www.aicdogschool.it\/blog\/wp-content\/uploads\/2019\/09\/dog-family-help.png 342w, https:\/\/www.aicdogschool.it\/blog\/wp-content\/uploads\/2019\/09\/dog-family-help-261x300.png 261w\" sizes=\"auto, (max-width: 26px) 100vw, 26px\" \/>&nbsp;<\/span><\/span><\/strong><\/span>Questo non \u00e8 proprio quello di cui avevi bisogno? Forse le&nbsp;<span style=\"color: #003366;\"><strong><span style=\"color: #00ccff;\">*<\/span><span style=\"color: #008080;\">VISITE A DOMICILIO<span style=\"color: #00ccff;\"><img loading=\"lazy\" decoding=\"async\" width=\"20\" height=\"20\" class=\"alignnone wp-image-1236\" src=\"https:\/\/www.aicdogschool.it\/blog\/wp-content\/uploads\/2019\/09\/visite-a-domicilio.png\" alt=\"\"><\/span><\/span><span style=\"color: #00ccff;\">* <\/span><\/strong><span style=\"color: #00ccff;\"><span style=\"color: #003300;\">potrebbero esserti di aiuto! Se ritardi il rientro a casa dai tuoi impegni o se per un&#8217;intera giornata non rientri a casa, noi possiamo andare a far visita al tuo cane per ci\u00f2 di cui ha bisogno!<\/span><\/span><\/span><\/p>\n\n\n\n<figure class=\"wp-block-image size-large\"><img loading=\"lazy\" decoding=\"async\" width=\"1024\" height=\"508\" src=\"https:\/\/www.aicdogschool.it\/blog\/wp-content\/uploads\/2023\/12\/visite-1024x508.jpeg\" alt=\"\" class=\"wp-image-1471\" srcset=\"https:\/\/www.aicdogschool.it\/blog\/wp-content\/uploads\/2023\/12\/visite-1024x508.jpeg 1024w, https:\/\/www.aicdogschool.it\/blog\/wp-content\/uploads\/2023\/12\/visite-300x149.jpeg 300w, https:\/\/www.aicdogschool.it\/blog\/wp-content\/uploads\/2023\/12\/visite-768x381.jpeg 768w, https:\/\/www.aicdogschool.it\/blog\/wp-content\/uploads\/2023\/12\/visite.jpeg 1128w\" sizes=\"auto, (max-width: 767px) 89vw, (max-width: 1000px) 54vw, (max-width: 1071px) 543px, 580px\" \/><\/figure>\n\n\n\n<p class=\"has-medium-font-size\"><span style=\"color: #990033;\"><strong>Se c&#8217;\u00e8 altro di cui avresti bisogno non esitare a contattarci ed insieme cercheremo una soluzione.<\/strong><\/span><\/p>\n\n\n\n<p><em><span style=\"color: #ff6600;\"><a style=\"color: #ff6600;\" href=\"http:\/\/www.aicdogschool.it\/blog\/contatti\/\">Contattaci!<\/a>&#8230;<\/span><\/em><\/p>\n\n\n\n<figure class=\"wp-block-image size-large\"><img loading=\"lazy\" decoding=\"async\" width=\"724\" height=\"1024\" src=\"https:\/\/www.aicdogschool.it\/blog\/wp-content\/uploads\/2023\/08\/DFHvolantinoNEW23-724x1024.jpg\" alt=\"\" class=\"wp-image-1420\" srcset=\"https:\/\/www.aicdogschool.it\/blog\/wp-content\/uploads\/2023\/08\/DFHvolantinoNEW23-724x1024.jpg 724w, https:\/\/www.aicdogschool.it\/blog\/wp-content\/uploads\/2023\/08\/DFHvolantinoNEW23-212x300.jpg 212w, https:\/\/www.aicdogschool.it\/blog\/wp-content\/uploads\/2023\/08\/DFHvolantinoNEW23-768x1086.jpg 768w, https:\/\/www.aicdogschool.it\/blog\/wp-content\/uploads\/2023\/08\/DFHvolantinoNEW23-1086x1536.jpg 1086w, https:\/\/www.aicdogschool.it\/blog\/wp-content\/uploads\/2023\/08\/DFHvolantinoNEW23.jpg 1240w\" sizes=\"auto, (max-width: 724px) 100vw, 724px\" \/><\/figure>\n\n\n\n<p><a href=\"https:\/\/www.instagram.com\/stories\/highlights\/17866220619345132\/\" target=\"_blank\" rel=\"noreferrer noopener\">VIDEO<\/a> \ud83c\udfa6<\/p>\n","protected":false},"excerpt":{"rendered":"<p>DOG&#8217;S FAMILY HELP Hai bisogno di aiuto? Gli impegni familiari e di lavoro non ti lasciano molto tempo libero e non vuoi che a farne le spese sia il tuo amato fido? A.I.C. dog school \u00e8 lieta di presentarvi &#8220;DOG&#8217;S FAMILY HELP&#8221; con&nbsp;3&nbsp;proposte pensate ad hoc per offrirvi un supporto! *DOG WALKING*,&nbsp;*DOG WALKING PLUS* e &hellip; <\/p>\n<p class=\"link-more\"><a href=\"https:\/\/www.aicdogschool.it\/blog\/dogs-family-help\/\" class=\"more-link\">Leggi tutto<span class=\"screen-reader-text\"> &#8220;Dog&#8217;s Family Help&#8221;<\/span><\/a><\/p>\n","protected":false},"author":4,"featured_media":0,"parent":0,"menu_order":0,"comment_status":"closed","ping_status":"closed","template":"","meta":{"footnotes":""},"class_list":["post-1049","page","type-page","status-publish","hentry"],"_links":{"self":[{"href":"https:\/\/www.aicdogschool.it\/blog\/wp-json\/wp\/v2\/pages\/1049","targetHints":{"allow":["GET"]}}],"collection":[{"href":"https:\/\/www.aicdogschool.it\/blog\/wp-json\/wp\/v2\/pages"}],"about":[{"href":"https:\/\/www.aicdogschool.it\/blog\/wp-json\/wp\/v2\/types\/page"}],"author":[{"embeddable":true,"href":"https:\/\/www.aicdogschool.it\/blog\/wp-json\/wp\/v2\/users\/4"}],"replies":[{"embeddable":true,"href":"https:\/\/www.aicdogschool.it\/blog\/wp-json\/wp\/v2\/comments?post=1049"}],"version-history":[{"count":23,"href":"https:\/\/www.aicdogschool.it\/blog\/wp-json\/wp\/v2\/pages\/1049\/revisions"}],"predecessor-version":[{"id":1525,"href":"https:\/\/www.aicdogschool.it\/blog\/wp-json\/wp\/v2\/pages\/1049\/revisions\/1525"}],"wp:attachment":[{"href":"https:\/\/www.aicdogschool.it\/blog\/wp-json\/wp\/v2\/media?parent=1049"}],"curies":[{"name":"wp","href":"https:\/\/api.w.org\/{rel}","templated":true}]}}