{"id":1187,"date":"2019-02-03T17:10:53","date_gmt":"2019-02-03T16:10:53","guid":{"rendered":"https:\/\/www.aicdogschool.it\/blog\/?page_id=1187"},"modified":"2023-08-27T15:23:04","modified_gmt":"2023-08-27T13:23:04","slug":"valutazioni-sociali","status":"publish","type":"page","link":"https:\/\/www.aicdogschool.it\/blog\/attivita-e-corsi\/valutazioni-sociali\/","title":{"rendered":"VALUTAZIONI SOCIALI"},"content":{"rendered":"<p><img loading=\"lazy\" decoding=\"async\" class=\"alignnone wp-image-637\" src=\"https:\/\/www.aicdogschool.it\/blog\/wp-content\/uploads\/2013\/09\/cropped_32-1024x325.jpg\" alt=\"\" width=\"578\" height=\"184\" srcset=\"https:\/\/www.aicdogschool.it\/blog\/wp-content\/uploads\/2013\/09\/cropped_32-1024x325.jpg 1024w, https:\/\/www.aicdogschool.it\/blog\/wp-content\/uploads\/2013\/09\/cropped_32-300x95.jpg 300w, https:\/\/www.aicdogschool.it\/blog\/wp-content\/uploads\/2013\/09\/cropped_32.jpg 1102w\" sizes=\"auto, (max-width: 578px) 100vw, 578px\" \/><\/p>\n<p><u>Questa attivit\u00e0 \u00e8 rivolta ai cani che hanno difficolt\u00e0 nelle interazioni sociali (con cani e\/o persone).<\/u><\/p>\n<p>Durante questo incontro che si svolge all&#8217;interno del centro cinofilo, si strutturano le valutazioni sociali di cani non conosciuti, che potranno dare allo staff tecnico informazioni sulla personalit\u00e0 di quel cane cos\u00ec da poter indirizzare il binomio in un percorso mirato usufruendo, se possibile, delle varie tipologie di collettive.<\/p>\n<p><img loading=\"lazy\" decoding=\"async\" class=\"alignnone wp-image-793\" src=\"https:\/\/www.aicdogschool.it\/blog\/wp-content\/uploads\/2015\/04\/cropped_35-1024x325.jpg\" alt=\"\" width=\"572\" height=\"182\" srcset=\"https:\/\/www.aicdogschool.it\/blog\/wp-content\/uploads\/2015\/04\/cropped_35-1024x325.jpg 1024w, https:\/\/www.aicdogschool.it\/blog\/wp-content\/uploads\/2015\/04\/cropped_35-300x95.jpg 300w, https:\/\/www.aicdogschool.it\/blog\/wp-content\/uploads\/2015\/04\/cropped_35.jpg 1102w\" sizes=\"auto, (max-width: 572px) 100vw, 572px\" \/><\/p>\n","protected":false},"excerpt":{"rendered":"<p>Questa attivit\u00e0 \u00e8 rivolta ai cani che hanno difficolt\u00e0 nelle interazioni sociali (con cani e\/o persone). Durante questo incontro che si svolge all&#8217;interno del centro cinofilo, si strutturano le valutazioni sociali di cani non conosciuti, che potranno dare allo staff tecnico informazioni sulla personalit\u00e0 di quel cane cos\u00ec da poter indirizzare il binomio in un &hellip; <\/p>\n<p class=\"link-more\"><a href=\"https:\/\/www.aicdogschool.it\/blog\/attivita-e-corsi\/valutazioni-sociali\/\" class=\"more-link\">Leggi tutto<span class=\"screen-reader-text\"> &#8220;VALUTAZIONI SOCIALI&#8221;<\/span><\/a><\/p>\n","protected":false},"author":4,"featured_media":0,"parent":31,"menu_order":6,"comment_status":"closed","ping_status":"closed","template":"","meta":{"footnotes":""},"class_list":["post-1187","page","type-page","status-publish","hentry"],"_links":{"self":[{"href":"https:\/\/www.aicdogschool.it\/blog\/wp-json\/wp\/v2\/pages\/1187","targetHints":{"allow":["GET"]}}],"collection":[{"href":"https:\/\/www.aicdogschool.it\/blog\/wp-json\/wp\/v2\/pages"}],"about":[{"href":"https:\/\/www.aicdogschool.it\/blog\/wp-json\/wp\/v2\/types\/page"}],"author":[{"embeddable":true,"href":"https:\/\/www.aicdogschool.it\/blog\/wp-json\/wp\/v2\/users\/4"}],"replies":[{"embeddable":true,"href":"https:\/\/www.aicdogschool.it\/blog\/wp-json\/wp\/v2\/comments?post=1187"}],"version-history":[{"count":2,"href":"https:\/\/www.aicdogschool.it\/blog\/wp-json\/wp\/v2\/pages\/1187\/revisions"}],"predecessor-version":[{"id":1203,"href":"https:\/\/www.aicdogschool.it\/blog\/wp-json\/wp\/v2\/pages\/1187\/revisions\/1203"}],"up":[{"embeddable":true,"href":"https:\/\/www.aicdogschool.it\/blog\/wp-json\/wp\/v2\/pages\/31"}],"wp:attachment":[{"href":"https:\/\/www.aicdogschool.it\/blog\/wp-json\/wp\/v2\/media?parent=1187"}],"curies":[{"name":"wp","href":"https:\/\/api.w.org\/{rel}","templated":true}]}}