{"id":1424,"date":"2023-08-27T15:05:15","date_gmt":"2023-08-27T13:05:15","guid":{"rendered":"https:\/\/www.aicdogschool.it\/blog\/?page_id=1424"},"modified":"2023-12-19T16:30:25","modified_gmt":"2023-12-19T15:30:25","slug":"take-a-break","status":"publish","type":"page","link":"https:\/\/www.aicdogschool.it\/blog\/attivita-e-corsi\/sport-e-divertimento\/take-a-break\/","title":{"rendered":"TAKE A BREAK"},"content":{"rendered":"\n<figure class=\"wp-block-image size-large\"><img loading=\"lazy\" decoding=\"async\" width=\"1024\" height=\"729\" src=\"https:\/\/www.aicdogschool.it\/blog\/wp-content\/uploads\/2023\/08\/TAKE-A-BREAK2023-1024x729.jpg\" alt=\"\" class=\"wp-image-1425\" srcset=\"https:\/\/www.aicdogschool.it\/blog\/wp-content\/uploads\/2023\/08\/TAKE-A-BREAK2023-1024x729.jpg 1024w, https:\/\/www.aicdogschool.it\/blog\/wp-content\/uploads\/2023\/08\/TAKE-A-BREAK2023-300x214.jpg 300w, https:\/\/www.aicdogschool.it\/blog\/wp-content\/uploads\/2023\/08\/TAKE-A-BREAK2023-768x547.jpg 768w, https:\/\/www.aicdogschool.it\/blog\/wp-content\/uploads\/2023\/08\/TAKE-A-BREAK2023.jpg 1450w\" sizes=\"auto, (max-width: 767px) 89vw, (max-width: 1000px) 54vw, (max-width: 1071px) 543px, 580px\" \/><\/figure>\n\n\n\n<p class=\"has-text-color has-medium-font-size\" style=\"color:#f410cb\"><strong>\u201cTAKE A BREAK\u201d<\/strong> letteralmente PRENDERSI UNA PAUSA!<\/p>\n\n\n\n<p>E\u2019 questo che abbiamo pensato nell\u2019ideare questi incontri individuali, ovvero darvi la possibilit\u00e0 di prendervi una pausa dal tran tran della frenesia quotidiana assieme al vostro cane, dove non \u00e8 richiesta preparazione, non verranno dati compiti a casa e non c\u2019\u00e8 vincolo di partecipazione, a questo proposito siete liberi di aderire a solo un incontro o a pi\u00f9 di uno in base al vostro piacere e alle vostre disponibilit\u00e0<\/p>\n\n\n\n<p>Ideato anche per coloro che vorrebbero approfondire e sviluppare alcune attivit\u00e0 con il proprio cane, ma a causa della mancanza di tempo il tutto passa sempre in secondo piano. Il risultato sar\u00e0 quello di portarvi a casa un bel bagaglio di esperienze positive in collaborazione con il vostro cane guadagnandone entrambi in serenit\u00e0.<\/p>\n\n\n\n<p>Cosa si fa nei Take a Break? Nosework, Problem solving, Mobility e \u2026 il gioco come va? Riceverete dei consigli pratici cos\u00ec da ricreare un\u2019esperienza che possa essere non solo divertente, ma che rinforzi il vostro legame e che possa essere anche un supporto per migliorare certe difficolt\u00e0 che un cane durante la sua vita pu\u00f2 riscontrare (paure, timidezze, preoccupazioni, ipereccitazione, reattivit\u00e0, scarsa capacit\u00e0 di ascolto e di attenzione).<\/p>\n\n\n\n<p class=\"has-text-color has-medium-font-size\" style=\"color:#da21b2\"><strong>Quindi Take a break! Cosa aspettate?<\/strong><\/p>\n\n\n\n<p class=\"has-small-font-size\"><strong><em>Le attivit\u00e0 di problem solving:<\/em><\/strong><strong> <\/strong>Il cane \u00e8 un animale intelligente, ma alle volte sottovalutiamo le sue capacit\u00e0. Spesso, in effetti, ci preoccupiamo di fornire un\u2019adeguata attivit\u00e0 fisica, ma poi ci dimentichiamo di stimolare la sua mente, oltre al suo corpo. Quando ci avviciniamo al problem solving, invece, ci rendiamo conto che il nostro amico oltre ad avere quattro zampe possiede anche molte capacit\u00e0 mentali e soprattutto che anche lui ha la necessit\u00e0 di usare il suo cervello. Il primo vantaggio che questo lavoro ci d\u00e0 \u00e8 certamente quello di riuscire a sviluppare in maniera sempre crescente la sua intelligenza e la sua capacit\u00e0 di ragionare nonch\u00e9 di riflettere e in parallelo il cane impara ad avere fiducia in s\u00e9 stesso, aumenta la propria autostima e la sicurezza. Il cane che viene allenato nel Problem Solving sar\u00e0 quindi in grado di risolvere i problemi in modo sereno ed equilibrato, senza mostrare stress o ansia. I risvolti positivi nella vita quotidiana sono facilmente intuibili: saper gestire con meno stress e agitazione le situazioni quotidiane.<strong><\/strong><\/p>\n\n\n\n<p class=\"has-small-font-size\"><strong><em>I giochi olfattivi &#8211; Nosework:<\/em><\/strong><strong> <\/strong>Il cane utilizza l\u2019olfatto per esplorare e conoscere il mondo in maniera simile a quanto fa l\u2019uomo attraverso la vista, per questo motivo cos\u00ec come il nostro cervello, durante la crescita, si sviluppa e si struttura per recepire al meglio le informazioni che riceve tramite gli occhi, il cervello del cane \u00e8 organizzato per fare lo stesso con il naso! Quando il cane usa l\u2019olfatto attiva il suo cervello, si diverte, si rilassa e, attenzione attenzione proprietari con poco tempo a disposizione, si stanca molto pi\u00f9 di quanto non faccia correndo dietro a una pallina o seguendovi mentre fate jogging. Le attivit\u00e0 ludiche di nosework sono semplici, divertenti e aiutano a creare una dimensione comunicativa nuova e molto coinvolgente. Collaborare insieme nella sfera olfattiva ci d\u00e0 la possibilit\u00e0 di vedere quanto, nel lavoro di fiuto, siamo destinati a lasciar fare al cane, per comprendere quanto pi\u00f9 esperto e capace sia in questo campo rispetto a noi. Questo tipo di attivit\u00e0 \u00e8 adatta a tutti i cani, di qualunque razza, et\u00e0 o taglia. Cercare oggetti, discriminare odori e cercare persone \u00e8 inoltre un\u2019attivit\u00e0 dall\u2019indubbia utilit\u00e0: avete mai perso delle chiavi in un prato?<strong><\/strong><\/p>\n\n\n\n<p class=\"has-small-font-size\"><strong><em>Mobility:<\/em><\/strong><strong> <\/strong>Il percorso ad ostacoli della Mobility Dog\u00ae \u00e8 divertente sia per il cane che per il proprietario. Affrontare e superare ostacoli di diverso tipo ha molteplici effetti: aumenta la consapevolezza del proprio corpo dando maggior sicurezza e di conseguenza aumenta l\u2019autostima, implementa la capacit\u00e0 del cane di concentrarsi e diminuisce l\u2019iperattivit\u00e0, aumenta la capacit\u00e0 comunicativa tra i due soggetti aumentando la fiducia reciproca e quindi ne migliora l\u2019intesa. In ultima analisi \u00e8 importante tenere in considerazione che il compiere particolari movimenti e superare piccoli ostacoli con successo aumenta la facolt\u00e0 di apprendere e la flessibilit\u00e0 cognitiva nel nostro cane.<strong><\/strong><\/p>\n\n\n\n<p class=\"has-small-font-size\"><strong>Gioco:<\/strong> Per giocare bene \u00e8 importante imparare a capire il significato del gioco, le regole del gioco e soprattutto costruire un bel rapporto e risolvere eventuali conflitti con l\u2019obbiettivo di diventare voi stessi parte integrante del gioco indipendentemente dagli oggetti che andrete ad usare. Giocare con i cani non \u00e8 solo divertente, ma \u00e8 anche uno specchio del rapporto che abbiamo instaurato con loro. Se al cane piace giocare, ma non gioca con voi forse \u00e8 il momento di approfondire l\u2019argomento.<em><\/em><\/p>\n\n\n\n<p class=\"has-vivid-red-color has-text-color\"><strong>DAI UN&#8217;OCCHIATINA AL VIDEO QUI SOTTO<\/strong>\ud83d\udc40\u200b\ud83d\udc47\u200b<\/p>\n\n\n\n<figure class=\"wp-block-image size-large is-resized\"><a href=\"https:\/\/www.instagram.com\/stories\/highlights\/17926430714362262\/\" target=\"_blank\" rel=\"noreferrer noopener\"><img loading=\"lazy\" decoding=\"async\" src=\"https:\/\/www.aicdogschool.it\/blog\/wp-content\/uploads\/2023\/12\/TAKE-A-BREAK-576x1024.jpg\" alt=\"\" class=\"wp-image-1478\" width=\"213\" height=\"380\" srcset=\"https:\/\/www.aicdogschool.it\/blog\/wp-content\/uploads\/2023\/12\/TAKE-A-BREAK-576x1024.jpg 576w, https:\/\/www.aicdogschool.it\/blog\/wp-content\/uploads\/2023\/12\/TAKE-A-BREAK-768x1365.jpg 768w, https:\/\/www.aicdogschool.it\/blog\/wp-content\/uploads\/2023\/12\/TAKE-A-BREAK-864x1536.jpg 864w, https:\/\/www.aicdogschool.it\/blog\/wp-content\/uploads\/2023\/12\/TAKE-A-BREAK.jpg 1080w\" sizes=\"auto, (max-width: 213px) 100vw, 213px\" \/><\/a><\/figure>\n","protected":false},"excerpt":{"rendered":"<p>\u201cTAKE A BREAK\u201d letteralmente PRENDERSI UNA PAUSA! E\u2019 questo che abbiamo pensato nell\u2019ideare questi incontri individuali, ovvero darvi la possibilit\u00e0 di prendervi una pausa dal tran tran della frenesia quotidiana assieme al vostro cane, dove non \u00e8 richiesta preparazione, non verranno dati compiti a casa e non c\u2019\u00e8 vincolo di partecipazione, a questo proposito siete &hellip; <\/p>\n<p class=\"link-more\"><a href=\"https:\/\/www.aicdogschool.it\/blog\/attivita-e-corsi\/sport-e-divertimento\/take-a-break\/\" class=\"more-link\">Leggi tutto<span class=\"screen-reader-text\"> &#8220;TAKE A BREAK&#8221;<\/span><\/a><\/p>\n","protected":false},"author":4,"featured_media":0,"parent":375,"menu_order":1,"comment_status":"closed","ping_status":"closed","template":"","meta":{"footnotes":""},"class_list":["post-1424","page","type-page","status-publish","hentry"],"_links":{"self":[{"href":"https:\/\/www.aicdogschool.it\/blog\/wp-json\/wp\/v2\/pages\/1424","targetHints":{"allow":["GET"]}}],"collection":[{"href":"https:\/\/www.aicdogschool.it\/blog\/wp-json\/wp\/v2\/pages"}],"about":[{"href":"https:\/\/www.aicdogschool.it\/blog\/wp-json\/wp\/v2\/types\/page"}],"author":[{"embeddable":true,"href":"https:\/\/www.aicdogschool.it\/blog\/wp-json\/wp\/v2\/users\/4"}],"replies":[{"embeddable":true,"href":"https:\/\/www.aicdogschool.it\/blog\/wp-json\/wp\/v2\/comments?post=1424"}],"version-history":[{"count":5,"href":"https:\/\/www.aicdogschool.it\/blog\/wp-json\/wp\/v2\/pages\/1424\/revisions"}],"predecessor-version":[{"id":1496,"href":"https:\/\/www.aicdogschool.it\/blog\/wp-json\/wp\/v2\/pages\/1424\/revisions\/1496"}],"up":[{"embeddable":true,"href":"https:\/\/www.aicdogschool.it\/blog\/wp-json\/wp\/v2\/pages\/375"}],"wp:attachment":[{"href":"https:\/\/www.aicdogschool.it\/blog\/wp-json\/wp\/v2\/media?parent=1424"}],"curies":[{"name":"wp","href":"https:\/\/api.w.org\/{rel}","templated":true}]}}