{"id":245,"date":"2013-08-19T18:14:22","date_gmt":"2013-08-19T16:14:22","guid":{"rendered":"http:\/\/www.aicdogschool.it\/blog\/?page_id=245"},"modified":"2023-09-06T16:53:47","modified_gmt":"2023-09-06T14:53:47","slug":"metodo-di-lavoro","status":"publish","type":"page","link":"https:\/\/www.aicdogschool.it\/blog\/chi-siamo\/metodo-di-lavoro\/","title":{"rendered":"METODO DI LAVORO"},"content":{"rendered":"<p><a href=\"\/\/www.aicdogschool.it\/blog\/wp-content\/uploads\/2013\/08\/bannernero.jpg\"><img loading=\"lazy\" decoding=\"async\" class=\"aligncenter size-full wp-image-658\" alt=\"bannernero\" src=\"\/\/www.aicdogschool.it\/blog\/wp-content\/uploads\/2013\/08\/bannernero.jpg\" width=\"180\" height=\"180\" srcset=\"https:\/\/www.aicdogschool.it\/blog\/wp-content\/uploads\/2013\/08\/bannernero.jpg 180w, https:\/\/www.aicdogschool.it\/blog\/wp-content\/uploads\/2013\/08\/bannernero-150x150.jpg 150w\" sizes=\"auto, (max-width: 180px) 100vw, 180px\" \/><\/a>La nostra filosofia di lavoro\u00a0\u00e8 innanzitutto\u00a0considerare il cane\u00a0come un\u00a0Individuo appartenente ad una specie diversa dalla nostra e dotato di un proprio linguaggio, di una propria intelligenza cognitiva ed emotiva e che merita di essere compreso e rispettato. \u00c8 un compagno di viaggio con cui condividere le esperienze della vita, non una macchina da programmare in base alle necessit\u00e0 del proprietario. Il nostro metodo educativo tiene in seria considerazione queste due premesse e quindi rifiutiamo qualsiasi forma di coercizione. L\u2019utilizzo della violenza non \u00e8 di alcuna utilit\u00e0 nell\u2019apprendimento: aumenta il livello di stress del cane\u00a0e favorisce lo sviluppo di\u00a0problemi comportamentali.<\/p>\n<p>Con\u00a0questo approccio\u00a0il cane impara a collaborare attivamente con il proprietario attraverso la corretta comunicazione e il rinforzo positivo.<\/p>\n<p>I cani comunicano attraverso la mimica facciale, le posture, la posizione del corpo nello spazio, le vocalizzazioni e molto altro. Per relazionarsi correttamente con loro ed evitare spiacevoli incomprensioni \u00e8 fondamentale essere in grado di utilizzare il corpo e la voce nel modo corretto. L\u2019utilizzo di una comunicazione errata pu\u00f2 provocare facilmente comportamenti indesiderati.<\/p>\n<p>Per farsi che l\u2019apprendimento sia\u00a0strutturato e\u00a0duraturo dobbiamo mettere il cane nelle condizioni di\u00a0scegliere\u00a0come esibire un dato comportamento\u00a0e quindi non\u00a0dobbiamo costringerlo. Quello che potete fare \u00e8 rendere il comportamento gratificante\u00a0ed \u00e8 qui che\u00a0iniziamo ad operare in rinforzo positivo. Rinforzare un comportamento significa infatti renderlo vantaggioso per il cane e aumentare le probabilit\u00e0 che lo ripeta. Nel tempo sar\u00e0 il cane stesso a scegliere di esibire i comportamenti richiesti perch\u00e9 avr\u00e0 imparato che \u00e8 il modo migliore per ottenere l\u2019attenzione da parte del proprietario, degli\u00a0snack gustosi, la possibilit\u00e0 di giocare insieme, ecc.<\/p>\n<p>Purtroppo molti centri cinofili dichiarano di utilizzare il metodo gentile basato sul rinforzo positivo, mentre nella pratica fanno anche un ampio uso di punizioni fisiche o verbali (strattoni, sgridate etc.) quando il cane non si comporta come dovrebbe. Tutto ci\u00f2 non ha niente a che vedere con il nostro metodo\u00a0di lavoro\u00a0e non contribuisce in alcun modo a creare una relazione cane \u2013 uomo basata sul rispetto e la fiducia.<\/p>\n<p>Ma la cosa per noi pi\u00f9 importante \u00e8 far comprendere ai proprietari che il comportamento esteriore non \u00e8 tutto\u2026&#8230;<\/p>\n<p>Il nostro metodo pone particolare attenzione allo sviluppo delle competenze sociali ed emotive necessarie affinch\u00e9 il vostro amico si inserisca senza problemi nel tessuto sociale umano. Per poter vivere serenamente in ambiente urbano il cane non deve solo saper eseguire dei comportamenti, ma deve essere in grado di mantenere autonomamente uno stato emotivo di calma ed autocontrollo nei diversi contesti sociali.<\/p>\n<p>E&#8217; il proprietario che, grazie al nostro aiuto, insegner\u00e0 queste abilit\u00e0 al proprio\u00a0cane cos\u00ec da proporsi come guida coinvolgente e stimolante.\u00a0Verrete guidati nella comprensione delle esigenze fisiologiche ed etologiche del proprio cane, del suo linguaggio e delle caratteristiche di razza. Imparerete a gestirlo nelle circostanze pi\u00f9 diverse, a svilupparne le facolt\u00e0 mentali, emotive e sociali\u00a0evitando incomprensioni spesso responsabili dello sviluppo di comportamenti problematici.<\/p>\n","protected":false},"excerpt":{"rendered":"<p>La nostra filosofia di lavoro\u00a0\u00e8 innanzitutto\u00a0considerare il cane\u00a0come un\u00a0Individuo appartenente ad una specie diversa dalla nostra e dotato di un proprio linguaggio, di una propria intelligenza cognitiva ed emotiva e che merita di essere compreso e rispettato. \u00c8 un compagno di viaggio con cui condividere le esperienze della vita, non una macchina da programmare in &hellip; <\/p>\n<p class=\"link-more\"><a href=\"https:\/\/www.aicdogschool.it\/blog\/chi-siamo\/metodo-di-lavoro\/\" class=\"more-link\">Leggi tutto<span class=\"screen-reader-text\"> &#8220;METODO DI LAVORO&#8221;<\/span><\/a><\/p>\n","protected":false},"author":4,"featured_media":0,"parent":1451,"menu_order":2,"comment_status":"closed","ping_status":"closed","template":"","meta":{"footnotes":""},"class_list":["post-245","page","type-page","status-publish","hentry"],"_links":{"self":[{"href":"https:\/\/www.aicdogschool.it\/blog\/wp-json\/wp\/v2\/pages\/245","targetHints":{"allow":["GET"]}}],"collection":[{"href":"https:\/\/www.aicdogschool.it\/blog\/wp-json\/wp\/v2\/pages"}],"about":[{"href":"https:\/\/www.aicdogschool.it\/blog\/wp-json\/wp\/v2\/types\/page"}],"author":[{"embeddable":true,"href":"https:\/\/www.aicdogschool.it\/blog\/wp-json\/wp\/v2\/users\/4"}],"replies":[{"embeddable":true,"href":"https:\/\/www.aicdogschool.it\/blog\/wp-json\/wp\/v2\/comments?post=245"}],"version-history":[{"count":6,"href":"https:\/\/www.aicdogschool.it\/blog\/wp-json\/wp\/v2\/pages\/245\/revisions"}],"predecessor-version":[{"id":659,"href":"https:\/\/www.aicdogschool.it\/blog\/wp-json\/wp\/v2\/pages\/245\/revisions\/659"}],"up":[{"embeddable":true,"href":"https:\/\/www.aicdogschool.it\/blog\/wp-json\/wp\/v2\/pages\/1451"}],"wp:attachment":[{"href":"https:\/\/www.aicdogschool.it\/blog\/wp-json\/wp\/v2\/media?parent=245"}],"curies":[{"name":"wp","href":"https:\/\/api.w.org\/{rel}","templated":true}]}}