{"id":265,"date":"2013-09-10T14:07:14","date_gmt":"2013-09-10T12:07:14","guid":{"rendered":"http:\/\/www.aicdogschool.it\/blog\/?page_id=265"},"modified":"2023-08-27T15:40:51","modified_gmt":"2023-08-27T13:40:51","slug":"giochi-di-problem-solving","status":"publish","type":"page","link":"https:\/\/www.aicdogschool.it\/blog\/attivita-e-corsi\/sport-e-divertimento\/giochi-di-problem-solving\/","title":{"rendered":"GIOCHI di PROBLEM SOLVING"},"content":{"rendered":"<p align=\"center\"><a href=\"\/\/www.aicdogschool.it\/blog\/wp-content\/uploads\/2013\/09\/cropped_31.jpg\"><img loading=\"lazy\" decoding=\"async\" class=\"size-full wp-image-586 alignnone\" src=\"\/\/www.aicdogschool.it\/blog\/wp-content\/uploads\/2014\/01\/MG_0413_1.jpg\" alt=\"\" width=\"1000\" height=\"800\" srcset=\"https:\/\/www.aicdogschool.it\/blog\/wp-content\/uploads\/2014\/01\/MG_0413_1.jpg 1000w, https:\/\/www.aicdogschool.it\/blog\/wp-content\/uploads\/2014\/01\/MG_0413_1-300x240.jpg 300w\" sizes=\"auto, (max-width: 767px) 89vw, (max-width: 1000px) 54vw, (max-width: 1071px) 543px, 580px\" \/><\/a>Il cane \u00e8 un animale intelligente, anche se spesso sottovalutiamo le sue capacit\u00e0. Molto spesso, in effetti, ci preoccupiamo di fornire una adeguata attivit\u00e0 fisica, ma poi ci dimentichiamo di allenare la sua mente, oltre al suo corpo. Quando ci avviciniamo all&#8217;attivit\u00e0 di problem solving, invece, ci rendiamo conto che il nostro amico oltre ad avere quattro zampe ha anche molte capacit\u00e0 e soprattutto anche lui ha la necessit\u00e0 di usare il suo cervello.<\/p>\n<p align=\"center\"><img loading=\"lazy\" decoding=\"async\" class=\"size-large wp-image-582 aligncenter\" src=\"\/\/www.aicdogschool.it\/blog\/wp-content\/uploads\/2014\/01\/IMG_1697-1024x766.jpg\" alt=\"\" width=\"525\" height=\"393\" srcset=\"https:\/\/www.aicdogschool.it\/blog\/wp-content\/uploads\/2014\/01\/IMG_1697-1024x766.jpg 1024w, https:\/\/www.aicdogschool.it\/blog\/wp-content\/uploads\/2014\/01\/IMG_1697-300x224.jpg 300w, https:\/\/www.aicdogschool.it\/blog\/wp-content\/uploads\/2014\/01\/IMG_1697.jpg 1473w\" sizes=\"auto, (max-width: 525px) 100vw, 525px\" \/><\/p>\n<h1 align=\"center\"><span style=\"color: #ff6600;\"><strong style=\"font-size: 1.5rem;\"><img loading=\"lazy\" decoding=\"async\" class=\"alignnone wp-image-1238\" src=\"https:\/\/www.aicdogschool.it\/blog\/wp-content\/uploads\/2019\/09\/dog-family-help.png\" alt=\"\" width=\"24\" height=\"27\" srcset=\"https:\/\/www.aicdogschool.it\/blog\/wp-content\/uploads\/2019\/09\/dog-family-help.png 342w, https:\/\/www.aicdogschool.it\/blog\/wp-content\/uploads\/2019\/09\/dog-family-help-261x300.png 261w\" sizes=\"auto, (max-width: 24px) 100vw, 24px\" \/>\u00a0<\/strong><strong>NEWS\u00a0<\/strong><\/span><\/h1>\n<p><img loading=\"lazy\" decoding=\"async\" class=\" wp-image-1249 aligncenter\" src=\"https:\/\/www.aicdogschool.it\/blog\/wp-content\/uploads\/2019\/11\/TAKE-A-BREAK-base-1024x729.jpg\" alt=\"\" width=\"640\" height=\"456\" srcset=\"https:\/\/www.aicdogschool.it\/blog\/wp-content\/uploads\/2019\/11\/TAKE-A-BREAK-base-1024x729.jpg 1024w, https:\/\/www.aicdogschool.it\/blog\/wp-content\/uploads\/2019\/11\/TAKE-A-BREAK-base-300x214.jpg 300w, https:\/\/www.aicdogschool.it\/blog\/wp-content\/uploads\/2019\/11\/TAKE-A-BREAK-base-768x547.jpg 768w, https:\/\/www.aicdogschool.it\/blog\/wp-content\/uploads\/2019\/11\/TAKE-A-BREAK-base.jpg 1450w\" sizes=\"auto, (max-width: 640px) 100vw, 640px\" \/><\/p>\n<p align=\"center\">\n","protected":false},"excerpt":{"rendered":"<p>Il cane \u00e8 un animale intelligente, anche se spesso sottovalutiamo le sue capacit\u00e0. Molto spesso, in effetti, ci preoccupiamo di fornire una adeguata attivit\u00e0 fisica, ma poi ci dimentichiamo di allenare la sua mente, oltre al suo corpo. Quando ci avviciniamo all&#8217;attivit\u00e0 di problem solving, invece, ci rendiamo conto che il nostro amico oltre ad &hellip; <\/p>\n<p class=\"link-more\"><a href=\"https:\/\/www.aicdogschool.it\/blog\/attivita-e-corsi\/sport-e-divertimento\/giochi-di-problem-solving\/\" class=\"more-link\">Leggi tutto<span class=\"screen-reader-text\"> &#8220;GIOCHI di PROBLEM SOLVING&#8221;<\/span><\/a><\/p>\n","protected":false},"author":4,"featured_media":0,"parent":375,"menu_order":5,"comment_status":"closed","ping_status":"closed","template":"","meta":{"footnotes":""},"class_list":["post-265","page","type-page","status-publish","hentry"],"_links":{"self":[{"href":"https:\/\/www.aicdogschool.it\/blog\/wp-json\/wp\/v2\/pages\/265","targetHints":{"allow":["GET"]}}],"collection":[{"href":"https:\/\/www.aicdogschool.it\/blog\/wp-json\/wp\/v2\/pages"}],"about":[{"href":"https:\/\/www.aicdogschool.it\/blog\/wp-json\/wp\/v2\/types\/page"}],"author":[{"embeddable":true,"href":"https:\/\/www.aicdogschool.it\/blog\/wp-json\/wp\/v2\/users\/4"}],"replies":[{"embeddable":true,"href":"https:\/\/www.aicdogschool.it\/blog\/wp-json\/wp\/v2\/comments?post=265"}],"version-history":[{"count":16,"href":"https:\/\/www.aicdogschool.it\/blog\/wp-json\/wp\/v2\/pages\/265\/revisions"}],"predecessor-version":[{"id":1257,"href":"https:\/\/www.aicdogschool.it\/blog\/wp-json\/wp\/v2\/pages\/265\/revisions\/1257"}],"up":[{"embeddable":true,"href":"https:\/\/www.aicdogschool.it\/blog\/wp-json\/wp\/v2\/pages\/375"}],"wp:attachment":[{"href":"https:\/\/www.aicdogschool.it\/blog\/wp-json\/wp\/v2\/media?parent=265"}],"curies":[{"name":"wp","href":"https:\/\/api.w.org\/{rel}","templated":true}]}}