{"id":268,"date":"2013-09-10T14:09:08","date_gmt":"2013-09-10T12:09:08","guid":{"rendered":"http:\/\/www.aicdogschool.it\/blog\/?page_id=268"},"modified":"2023-08-27T15:40:09","modified_gmt":"2023-08-27T13:40:09","slug":"clicker-training","status":"publish","type":"page","link":"https:\/\/www.aicdogschool.it\/blog\/attivita-e-corsi\/sport-e-divertimento\/clicker-training\/","title":{"rendered":"CLICKER TRAINING"},"content":{"rendered":"<p align=\"center\"><img loading=\"lazy\" decoding=\"async\" class=\"alignnone size-large wp-image-590\" src=\"\/\/www.aicdogschool.it\/blog\/wp-content\/uploads\/2014\/01\/MG_0406_1-1024x682.jpg\" alt=\"\" width=\"525\" height=\"350\" srcset=\"https:\/\/www.aicdogschool.it\/blog\/wp-content\/uploads\/2014\/01\/MG_0406_1-1024x682.jpg 1024w, https:\/\/www.aicdogschool.it\/blog\/wp-content\/uploads\/2014\/01\/MG_0406_1-300x200.jpg 300w, https:\/\/www.aicdogschool.it\/blog\/wp-content\/uploads\/2014\/01\/MG_0406_1.jpg 1200w\" sizes=\"auto, (max-width: 525px) 100vw, 525px\" \/><\/p>\n<p align=\"center\">Il Clicker \u00e8 un semplicissima scatoletta di plastica con all&#8217;interno una lamella metallica che con la pressione del vostro dito emette un suono breve e caratteristico, tipo click-clack. Uno degli aspetti pi\u00f9 critici nell&#8217;addestramento di un animale \u00e8\u00a0la comunicazione. Non\u00a0potendo contare sulla \u201cnostra\u201d comunicazione verbale dobbiamo affidarci ad una forma molto semplice. Ci adegueremo ad un segnale che esprima la nostra approvazione, un segnale per \u201cfotografare\u201dpositivamente quel particolare dettaglio nel comportamento\u00a0che \u00e8 di nostro interesse. Il Clicker diviene dunque\u00a0uno strumento di incredibile efficacia nel comunicare con il cane e con qualsiasi altro animale. Se volete insegnare al cane qualcosa di nuovo, o modificare qualcosa che sa gi\u00e0, il Clicker Training render\u00e0 a voi e al cane la strada molto pi\u00f9 facile e veloce.<\/p>\n<p align=\"center\"><img loading=\"lazy\" decoding=\"async\" class=\"alignnone size-full wp-image-1162\" src=\"https:\/\/www.aicdogschool.it\/blog\/wp-content\/uploads\/2018\/12\/ClickerTraining.png\" alt=\"\" width=\"300\" height=\"260\" \/><\/p>\n<p align=\"center\"><span class=\"Apple-style-span\" style=\"font-family: 'Times New Roman'; font-size: small;\">\u00a0<\/span><\/p>\n","protected":false},"excerpt":{"rendered":"<p>Il Clicker \u00e8 un semplicissima scatoletta di plastica con all&#8217;interno una lamella metallica che con la pressione del vostro dito emette un suono breve e caratteristico, tipo click-clack. Uno degli aspetti pi\u00f9 critici nell&#8217;addestramento di un animale \u00e8\u00a0la comunicazione. Non\u00a0potendo contare sulla \u201cnostra\u201d comunicazione verbale dobbiamo affidarci ad una forma molto semplice. Ci adegueremo ad &hellip; <\/p>\n<p class=\"link-more\"><a href=\"https:\/\/www.aicdogschool.it\/blog\/attivita-e-corsi\/sport-e-divertimento\/clicker-training\/\" class=\"more-link\">Leggi tutto<span class=\"screen-reader-text\"> &#8220;CLICKER TRAINING&#8221;<\/span><\/a><\/p>\n","protected":false},"author":4,"featured_media":0,"parent":375,"menu_order":6,"comment_status":"closed","ping_status":"closed","template":"","meta":{"footnotes":""},"class_list":["post-268","page","type-page","status-publish","hentry"],"_links":{"self":[{"href":"https:\/\/www.aicdogschool.it\/blog\/wp-json\/wp\/v2\/pages\/268","targetHints":{"allow":["GET"]}}],"collection":[{"href":"https:\/\/www.aicdogschool.it\/blog\/wp-json\/wp\/v2\/pages"}],"about":[{"href":"https:\/\/www.aicdogschool.it\/blog\/wp-json\/wp\/v2\/types\/page"}],"author":[{"embeddable":true,"href":"https:\/\/www.aicdogschool.it\/blog\/wp-json\/wp\/v2\/users\/4"}],"replies":[{"embeddable":true,"href":"https:\/\/www.aicdogschool.it\/blog\/wp-json\/wp\/v2\/comments?post=268"}],"version-history":[{"count":8,"href":"https:\/\/www.aicdogschool.it\/blog\/wp-json\/wp\/v2\/pages\/268\/revisions"}],"predecessor-version":[{"id":1163,"href":"https:\/\/www.aicdogschool.it\/blog\/wp-json\/wp\/v2\/pages\/268\/revisions\/1163"}],"up":[{"embeddable":true,"href":"https:\/\/www.aicdogschool.it\/blog\/wp-json\/wp\/v2\/pages\/375"}],"wp:attachment":[{"href":"https:\/\/www.aicdogschool.it\/blog\/wp-json\/wp\/v2\/media?parent=268"}],"curies":[{"name":"wp","href":"https:\/\/api.w.org\/{rel}","templated":true}]}}