{"id":278,"date":"2013-09-10T14:20:13","date_gmt":"2013-09-10T12:20:13","guid":{"rendered":"http:\/\/www.aicdogschool.it\/blog\/?page_id=278"},"modified":"2023-08-27T15:19:42","modified_gmt":"2023-08-27T13:19:42","slug":"guida-alla-scelta-del-cucciolo","status":"publish","type":"page","link":"https:\/\/www.aicdogschool.it\/blog\/attivita-e-corsi\/guida-alla-scelta-del-cucciolo\/","title":{"rendered":"GUIDA ALLA SCELTA DEL CUCCIOLO"},"content":{"rendered":"<p align=\"center\"><img loading=\"lazy\" decoding=\"async\" class=\"alignnone size-large wp-image-577\" src=\"\/\/www.aicdogschool.it\/blog\/wp-content\/uploads\/2014\/01\/DSCN0911-1024x666.jpg\" alt=\"\" width=\"525\" height=\"341\" srcset=\"https:\/\/www.aicdogschool.it\/blog\/wp-content\/uploads\/2014\/01\/DSCN0911-1024x666.jpg 1024w, https:\/\/www.aicdogschool.it\/blog\/wp-content\/uploads\/2014\/01\/DSCN0911-300x195.jpg 300w, https:\/\/www.aicdogschool.it\/blog\/wp-content\/uploads\/2014\/01\/DSCN0911.jpg 2026w\" sizes=\"auto, (max-width: 525px) 100vw, 525px\" \/><\/p>\n<p align=\"center\">La scelta del cucciolo \u00e8 un momento delicato: con l&#8217;aiuto del nostro esperto potrete avere tutte le informazioni per fare una scelta consapevole. Tra le cose che valuteremo insieme sono: razze pi\u00f9 idonee alle vostre esigenze ed abitudini, et\u00e0 corretta di adozione, dove poter trovare il cucciolo di cane, come individuare il cucciolo pi\u00f9 adatto grazie a test specifici, adottare un cucciolo o un cane adulto, come prepararsi all&#8217;arrivo a casa del cucciolo o del cane adulto. Se avete un cane ed in famiglia arriver\u00e0 un bambino, potete rivolgervi a noi per preparare al meglio l&#8217;animale a questo evento e prevenire possibili problemi di comportamento come aggressivit\u00e0, paura, possessivit\u00e0&#8230;.<\/p>\n<p align=\"center\">\n","protected":false},"excerpt":{"rendered":"<p>La scelta del cucciolo \u00e8 un momento delicato: con l&#8217;aiuto del nostro esperto potrete avere tutte le informazioni per fare una scelta consapevole. Tra le cose che valuteremo insieme sono: razze pi\u00f9 idonee alle vostre esigenze ed abitudini, et\u00e0 corretta di adozione, dove poter trovare il cucciolo di cane, come individuare il cucciolo pi\u00f9 adatto &hellip; <\/p>\n<p class=\"link-more\"><a href=\"https:\/\/www.aicdogschool.it\/blog\/attivita-e-corsi\/guida-alla-scelta-del-cucciolo\/\" class=\"more-link\">Leggi tutto<span class=\"screen-reader-text\"> &#8220;GUIDA ALLA SCELTA DEL CUCCIOLO&#8221;<\/span><\/a><\/p>\n","protected":false},"author":4,"featured_media":0,"parent":31,"menu_order":1,"comment_status":"closed","ping_status":"closed","template":"","meta":{"footnotes":""},"class_list":["post-278","page","type-page","status-publish","hentry"],"_links":{"self":[{"href":"https:\/\/www.aicdogschool.it\/blog\/wp-json\/wp\/v2\/pages\/278","targetHints":{"allow":["GET"]}}],"collection":[{"href":"https:\/\/www.aicdogschool.it\/blog\/wp-json\/wp\/v2\/pages"}],"about":[{"href":"https:\/\/www.aicdogschool.it\/blog\/wp-json\/wp\/v2\/types\/page"}],"author":[{"embeddable":true,"href":"https:\/\/www.aicdogschool.it\/blog\/wp-json\/wp\/v2\/users\/4"}],"replies":[{"embeddable":true,"href":"https:\/\/www.aicdogschool.it\/blog\/wp-json\/wp\/v2\/comments?post=278"}],"version-history":[{"count":6,"href":"https:\/\/www.aicdogschool.it\/blog\/wp-json\/wp\/v2\/pages\/278\/revisions"}],"predecessor-version":[{"id":1170,"href":"https:\/\/www.aicdogschool.it\/blog\/wp-json\/wp\/v2\/pages\/278\/revisions\/1170"}],"up":[{"embeddable":true,"href":"https:\/\/www.aicdogschool.it\/blog\/wp-json\/wp\/v2\/pages\/31"}],"wp:attachment":[{"href":"https:\/\/www.aicdogschool.it\/blog\/wp-json\/wp\/v2\/media?parent=278"}],"curies":[{"name":"wp","href":"https:\/\/api.w.org\/{rel}","templated":true}]}}