{"id":375,"date":"2013-10-08T19:01:11","date_gmt":"2013-10-08T17:01:11","guid":{"rendered":"http:\/\/www.aicdogschool.it\/blog\/?page_id=375"},"modified":"2023-08-27T17:07:56","modified_gmt":"2023-08-27T15:07:56","slug":"sport-e-divertimento","status":"publish","type":"page","link":"https:\/\/www.aicdogschool.it\/blog\/attivita-e-corsi\/sport-e-divertimento\/","title":{"rendered":"SPORT &#038; DIVERTIMENTO   ====>>"},"content":{"rendered":"<p><a href=\"\/\/www.aicdogschool.it\/blog\/wp-content\/uploads\/2013\/10\/cropped_36.jpg\"><img loading=\"lazy\" decoding=\"async\" class=\"size-large wp-image-656 aligncenter\" src=\"\/\/www.aicdogschool.it\/blog\/wp-content\/uploads\/2013\/10\/cropped_36-1024x325.jpg\" alt=\"_cropped_36\" width=\"620\" height=\"196\" srcset=\"https:\/\/www.aicdogschool.it\/blog\/wp-content\/uploads\/2013\/10\/cropped_36-1024x325.jpg 1024w, https:\/\/www.aicdogschool.it\/blog\/wp-content\/uploads\/2013\/10\/cropped_36-300x95.jpg 300w, https:\/\/www.aicdogschool.it\/blog\/wp-content\/uploads\/2013\/10\/cropped_36.jpg 1102w\" sizes=\"auto, (max-width: 620px) 100vw, 620px\" \/><\/a><\/p>\n<p style=\"text-align: center;\">Per saperne di pi\u00f9 continua l&#8217;esplorazione cliccando&nbsp;sulle&nbsp;singole&nbsp;attivit\u00e0 che trovi nel sottomen\u00f9 a tendina.<\/p>\n\n<ul class=\"wp-block-page-list\"><li class=\"wp-block-pages-list__item\"><a class=\"wp-block-pages-list__item__link\" href=\"https:\/\/www.aicdogschool.it\/blog\/attivita-e-corsi\/sport-e-divertimento\/take-a-break\/\">TAKE A BREAK<\/a><\/li><li class=\"wp-block-pages-list__item\"><a class=\"wp-block-pages-list__item__link\" href=\"https:\/\/www.aicdogschool.it\/blog\/attivita-e-corsi\/sport-e-divertimento\/kids-dogs\/\">KIDS &amp; DOGS<\/a><\/li><li class=\"wp-block-pages-list__item\"><a class=\"wp-block-pages-list__item__link\" href=\"https:\/\/www.aicdogschool.it\/blog\/attivita-e-corsi\/sport-e-divertimento\/a-i-c-in-to-the-wild\/\">A.I.C. in to THE WILD<\/a><\/li><li class=\"wp-block-pages-list__item\"><a class=\"wp-block-pages-list__item__link\" href=\"https:\/\/www.aicdogschool.it\/blog\/attivita-e-corsi\/sport-e-divertimento\/giochi-olfattivi-nosework\/\">GIOCHI OLFATTIVI &#8211; NOSEWORK<\/a><\/li><li class=\"wp-block-pages-list__item\"><a class=\"wp-block-pages-list__item__link\" href=\"https:\/\/www.aicdogschool.it\/blog\/attivita-e-corsi\/sport-e-divertimento\/giochi-di-problem-solving\/\">GIOCHI di PROBLEM SOLVING<\/a><\/li><li class=\"wp-block-pages-list__item\"><a class=\"wp-block-pages-list__item__link\" href=\"https:\/\/www.aicdogschool.it\/blog\/attivita-e-corsi\/sport-e-divertimento\/clicker-training\/\">CLICKER TRAINING<\/a><\/li><\/ul>","protected":false},"excerpt":{"rendered":"<p>Per saperne di pi\u00f9 continua l&#8217;esplorazione cliccando&nbsp;sulle&nbsp;singole&nbsp;attivit\u00e0 che trovi nel sottomen\u00f9 a tendina.<\/p>\n","protected":false},"author":4,"featured_media":0,"parent":31,"menu_order":4,"comment_status":"closed","ping_status":"closed","template":"","meta":{"footnotes":""},"class_list":["post-375","page","type-page","status-publish","hentry"],"_links":{"self":[{"href":"https:\/\/www.aicdogschool.it\/blog\/wp-json\/wp\/v2\/pages\/375","targetHints":{"allow":["GET"]}}],"collection":[{"href":"https:\/\/www.aicdogschool.it\/blog\/wp-json\/wp\/v2\/pages"}],"about":[{"href":"https:\/\/www.aicdogschool.it\/blog\/wp-json\/wp\/v2\/types\/page"}],"author":[{"embeddable":true,"href":"https:\/\/www.aicdogschool.it\/blog\/wp-json\/wp\/v2\/users\/4"}],"replies":[{"embeddable":true,"href":"https:\/\/www.aicdogschool.it\/blog\/wp-json\/wp\/v2\/comments?post=375"}],"version-history":[{"count":11,"href":"https:\/\/www.aicdogschool.it\/blog\/wp-json\/wp\/v2\/pages\/375\/revisions"}],"predecessor-version":[{"id":1449,"href":"https:\/\/www.aicdogschool.it\/blog\/wp-json\/wp\/v2\/pages\/375\/revisions\/1449"}],"up":[{"embeddable":true,"href":"https:\/\/www.aicdogschool.it\/blog\/wp-json\/wp\/v2\/pages\/31"}],"wp:attachment":[{"href":"https:\/\/www.aicdogschool.it\/blog\/wp-json\/wp\/v2\/media?parent=375"}],"curies":[{"name":"wp","href":"https:\/\/api.w.org\/{rel}","templated":true}]}}