{"id":959,"date":"2018-09-18T15:26:25","date_gmt":"2018-09-18T13:26:25","guid":{"rendered":"http:\/\/www.aicdogschool.it\/blog\/?page_id=959"},"modified":"2018-09-18T15:35:02","modified_gmt":"2018-09-18T13:35:02","slug":"privacy","status":"publish","type":"page","link":"https:\/\/www.aicdogschool.it\/blog\/privacy\/","title":{"rendered":"Informativa sulla privacy"},"content":{"rendered":"<p><strong>INFORMATIVA SUL TRATTAMENTO DEI DATI PERSONALI PER NAVIGAZIONE SITO E COOKIES<br \/>\nAi sensi degli articoli 12 e ss. del Regolamento (UE) 2016\/679 (GDPR)<\/strong><\/p>\n<p><strong>Oggetto<\/strong><br \/>\nInformativa sul trattamento dei dati personali ai sensi degli articoli 12 e ss. del Regolamento (UE) 2016\/679 del Parlamento Europeo e del Consiglio del 27 Aprile 2016<\/p>\n<p><strong>Premessa<\/strong><br \/>\nIl Regolamento (UE) 2016\/679 (\u00abRegolamento generale sulla protezione dei dati\u00bb), di seguito GDPR, prevede la tutela delle persone fisiche con riferimento al trattamento dei dati personali. A.I.C. Dog School a.s.d., nel rispetto della predetta normativa, si impegna affinch\u00e9 il trattamento dei dati riferibili ad una persona fisica (di seguito \u201cinteressato\u201d) \u00e8 improntato ai principi di correttezza, liceit\u00e0 e trasparenza, nonch\u00e9 di tutela della riservatezza e dei diritti dell\u2019interessato stesso.<br \/>\nNel rispetto di quanto previsto dal Reg. UE 2016\/679 (Regolamento Europeo per la protezione dei dati personali) Le forniamo le dovute informazioni in ordine al trattamento dei dati personali da Lei forniti.<br \/>\nLa nostra struttura, in qualit\u00e0 di Titolare, proceder\u00e0 al trattamento dei Suoi dati personali nel rispetto della normativa, con la massima cura, attuando procedure e processi di gestione efficaci per garantire la tutela del trattamento. A tal fine lo scrivente, utilizzando procedure materiali e di gestione a salvaguardia dei dati raccolti, si impegna a proteggere le informazioni comunicate, in modo tale da evitare accessi o divulgazioni non autorizzate, nonch\u00e9 per mantenere l\u2019accuratezza dei dati e per garantirne un uso appropriato degli stessi.<\/p>\n<p><strong>Base giuridica del trattamento<\/strong><br \/>\nIl presente sito tratta i dati in base al consenso. Con l&#8217;uso o la consultazione del presente sito i visitatori e gli utenti approvano esplicitamente la presente informativa privacy e acconsentono al trattamento dei loro dati personali in relazione alle modalit\u00e0 e alle finalit\u00e0 di seguito descritte, compreso l&#8217;eventuale diffusione a terzi se necessaria per l&#8217;erogazione di un servizio.<br \/>\nIl conferimento dei dati e quindi il Consenso alla raccolta e al trattamento dei dati \u00e8 obbligatorio per continuare la navigazione nel sito.<\/p>\n<p><strong>In ossequio a tale premessa si forniscono le seguenti informazioni:<\/strong><\/p>\n<p><strong>Dati personali raccolti e natura obbligatoria o facoltativa del conferimento dei dati e conseguenze di un eventuale rifiuto<\/strong><br \/>\nCome tutti i siti web anche il presente sito fa uso di log files nei quali vengono conservate informazioni raccolte in maniera automatizzata durante le visite degli utenti. Le informazioni raccolte potrebbero essere le seguenti:<\/p>\n<ul>\n<li>indirizzo internet protocollo (IP);<\/li>\n<li>tipo di browser e parametri del dispositivo usato per connettersi al sito;<\/li>\n<li>nome dell&#8217;internet service provider (ISP);<\/li>\n<li>data e orario di visita;<\/li>\n<li>pagina web di provenienza del visitatore (referral) e di uscita;<\/li>\n<li>eventualmente il numero di click.<\/li>\n<\/ul>\n<p>Le suddette informazioni sono trattate in forma automatizzata e raccolte al fine di verificare il corretto funzionamento del sito, e per motivi statistici o di sicurezza.<br \/>\nA fini di sicurezza (filtri antispam, firewall, rilevazione virus), i dati registrati automaticamente possono eventualmente comprendere anche dati personali come l&#8217;indirizzo Ip, che potrebbe essere utilizzato, conformemente alle leggi vigenti in materia, al fine di bloccare tentativi di danneggiamento al sito medesimo o di recare danno ad altri utenti, o comunque attivit\u00e0 dannose o costituenti reato. Tali dati non sono mai utilizzati per l&#8217;identificazione o la profilazione dell&#8217;utente, ma solo a fini di tutela del sito e dei suoi utenti.<br \/>\nI sistemi informatici e le procedure software preposte al funzionamento di questo sito web acquisiscono, nel corso del loro normale esercizio, alcuni dati personali la cui trasmissione \u00e8 implicita nell&#8217;uso dei protocolli di comunicazione di Internet. In questa categoria di dati rientrano gli indirizzi IP o i nomi a dominio dei computer utilizzati dagli utenti che si connettono al sito, gli indirizzi in notazione URI (Uniform Resource Identifier) delle risorse richieste, l&#8217;orario della richiesta, il metodo utilizzato nel sottoporre la richiesta al server, la dimensione del file ottenuto in risposta, il codice numerico indicante lo stato della risposta data dal server (buon fine, errore, ecc.) ed altri parametri relativi al sistema operativo e all&#8217;ambiente informatico dell&#8217;utente.<br \/>\nA parte quanto specificato per i dati di navigazione, l&#8217;utente \u00e8 libero di fornire i dati personali ulteriori rispetto a quelli preventivamente indicati, registrandoti al sito.<br \/>\nIl loro mancato conferimento pu\u00f2 comportare l&#8217;impossibilit\u00e0 di ottenere quanto richiesto, l&#8217;impossibilit\u00e0 di erogare alcuni servizi e l&#8217;esperienza di navigazione nel sito potrebbe essere compromessa.<br \/>\nA.I.C. Dog School a.s.d. Le precisa che non raccoglie in alcun caso i Suoi dati &#8220;sensibili&#8221;.<\/p>\n<p><strong>Tempi di conservazione dei Suoi dati<\/strong><br \/>\nI dati personali raccolti durante la navigazione saranno conservati per il tempo necessario a svolgere le attivit\u00e0 precisate e non oltre 26 mesi. I dati forniti volontariamente dall\u2019utente saranno conservati fintanto che il cliente non revocher\u00e0 il consenso.<\/p>\n<p><strong>Modalit\u00e0 del trattamento<\/strong><br \/>\nAi sensi e per gli effetti degli artt. 12 e ss. del GDPR, desideriamo informarLa che i dati personali da Lei comunicatici saranno registrati, trattati e conservati presso i nostri archivi elettronici, adottando adeguate misure tecniche e organizzative volte alla tutela dei dati stessi. Il trattamento dei Suoi dati personali pu\u00f2 consistere in qualunque operazione o complesso di operazioni tra quelle indicate all&#8217; art. 4, comma 1, punto 2 del GDPR.<br \/>\nIl trattamento dei dati personali avverr\u00e0 mediante l\u2019utilizzo di strumenti e procedure idonei a garantirne la sicurezza e la riservatezza e potr\u00e0 essere effettuato, direttamente e\/o tramite terzi delegati mediante l\u2019ausilio di mezzi informatici o strumenti elettronici<\/p>\n<p><strong>Trasferimento di dati personali all\u2019estero<\/strong><br \/>\nI dati da Lei forniti saranno trattati solo in Italia. Qualora in costanza di rapporto contrattuale i Suoi dati siano trasferiti ad un Paese terzo o ad un\u2019organizzazione internazionale, saranno garantiti i diritti a Lei attribuiti dalla normativa comunitaria e le verr\u00e0 data tempestiva comunicazione.<\/p>\n<p><strong>Finalit\u00e0 del trattamento cui sono destinati i dati personali<\/strong><br \/>\nPer tutti gli utenti del sito i dati personali potranno essere utilizzati per:<\/p>\n<ul>\n<li>permettere la navigazione attraverso le pagine web pubbliche del nostro sito;<\/li>\n<li>rispondere alle richieste ricevute attraverso gli indirizzi e-mail pubblicati sul sito;<\/li>\n<li>ricavare informazioni statistiche anonime sull\u2019uso del sito (es. analisi delle pagine pi\u00f9 visitate);<\/li>\n<li>ricavare informazioni statistiche anonime sulle aree geografiche di provenienza;<\/li>\n<li>controllare il corretto funzionamento del sito;<\/li>\n<li>l\u2019accertamento di eventuali responsabilit\u00e0 in caso di illeciti commessi a danno del sito.<\/li>\n<\/ul>\n<p><strong>Ambito di conoscenza dei Suoi dati<\/strong><br \/>\nPotranno venire a conoscenza dei Suoi dati le seguenti categorie di soggetti nominati responsabili o incaricati del trattamento dallo scrivente. Lavoratori dipendenti o collaboratori in genere.<\/p>\n<p><strong>Cookies<\/strong><br \/>\nSi informa che navigando nel sito www.aicdogschool.it saranno scaricati cookie definiti tecnici, ossia:<\/p>\n<ul>\n<li>cookie di sessione; cookie di autenticazione; cookie per contenuti multimediali tipo flash player che non superano la durata della sessione; cookie di personalizzazione (ad esempio per la scelta della lingua di navigazione), ecc.;<\/li>\n<li>cookie (cosiddetti &#8220;analytics&#8221;) utilizzati per analizzare statisticamente gli accessi\/le visite al sito che perseguono esclusivamente scopi statistici e raccolgono informazioni in forma aggregata.<\/li>\n<\/ul>\n<p>Inoltre navigando nel sito www.aicdogschool.it si potr\u00e0 essere reindirizzati a funzioni di altri siti che a loro volta utilizzano cookie, nello specifico i servizi offerti da Google la cui informativa \u00e8 consultabile al seguente indirizzo:\u00a0<a href=\"http:\/\/www.google.com\/intl\/it\/policies\/privacy\">http:\/\/www.google.com\/intl\/it\/policies\/privacy<\/a><\/p>\n<p><strong>Come disabilitare i cookies?<\/strong><br \/>\nLa maggior parte dei browser (Internet Explorer, Firefox, Chrome, ecc.) sono configurati per accettare i cookies. I cookies memorizzati sul disco fisso del tuo dispositivo possono comunque essere cancellati ed \u00e8 inoltre possibile disabilitare i cookies agendo dalle impostazioni del browser stesso.<\/p>\n<p><strong>Comunicazione e diffusione<\/strong><br \/>\nI Suoi dati, forniti attraverso la registrazione, potranno essere comunicati, intendendosi con tale termine il darne conoscenza ad uno o pi\u00f9 soggetti determinati, dallo scrivente all&#8217;esterno della societ\u00e0 per dare attuazione a tutti i necessari adempimenti di legge e\/o contrattuali.<\/p>\n<p>I Suoi dati potranno essere comunicati dallo scrivente nei seguenti termini:<\/p>\n<ul>\n<li>a soggetti che possono accedere ai dati in forza di disposizione di legge, di regolamento o di normativa comunitaria, nei limiti previsti da tali norme;<\/li>\n<li>a soggetti che hanno necessit\u00e0 di accedere ai Suoi dati per finalit\u00e0 ausiliare al rapporto che intercorre tra Lei e noi, nei limiti strettamente necessari per svolgere i compiti ausiliari;<\/li>\n<li>a soggetti nostri consulenti e\/o professionisti, nei limiti necessari per svolgere il loro incarico presso la nostra o loro organizzazione, previo nostra lettera di incarico che imponga il dovere di riservatezza e sicurezza.<\/li>\n<\/ul>\n<p><em>Diffusione\u00a0<\/em>&#8211; Lo scrivente non diffonder\u00e0 indiscriminatamente i Suoi dati, o in altre parole, non ne dar\u00e0 conoscenza a soggetti indeterminati, anche mediante messa a disposizione o consultazione.<\/p>\n<p><em>Fiducia e riservatezza\u00a0<\/em>&#8211; Lo scrivente considera preziosa la fiducia dimostrata dagli interessati che avranno acconsentito al trattamento dei loro dati personali e per ci\u00f2 si impegna a non vendere, noleggiare o affittare le informazioni personali ad altri.<\/p>\n<p>Diritti di cui agli articoli 15 e ss., GDPR<br \/>\nAi sensi dell\u2019art. 15 e ss. del GDPR Lei ha diritto di ottenere la conferma dell&#8217;esistenza o meno di un trattamento di dati personali che La riguardano, registrati. Lei ha il diritto di accedere ai Suoi dati personali e di chiederne la rettifica, la cancellazione o la limitazione nonch\u00e9 di opporsi, integralmente o in parte, al trattamento effettuato.<br \/>\nLei ha il diritto di ottenere dal titolare l\u2019accesso alle seguenti informazioni:<br \/>\na)\u00a0\u00a0 \u00a0le finalit\u00e0 del trattamento;<br \/>\nb)\u00a0\u00a0 \u00a0le categorie di dati personali in questione;<br \/>\nc)\u00a0\u00a0 \u00a0i destinatari o le categorie di destinatari a cui i dati personali sono stati o saranno comunicati, in particolare se destinatari di paesi terzi o organizzazioni internazionali;<br \/>\nd)\u00a0\u00a0 \u00a0quando possibile, il periodo di conservazione dei dati personali previsto oppure, se non \u00e8 possibile, i criteri utilizzati per determinare tale periodo;<br \/>\ne)\u00a0\u00a0 \u00a0qualora i dati non siano raccolti presso l&#8217;interessato, tutte le informazioni disponibili sulla loro origine;<br \/>\nf)\u00a0\u00a0 \u00a0l&#8217;esistenza di un processo decisionale automatizzato, compresa la profilazione di cui all&#8217;articolo 22, paragrafi 1 e 4, e, almeno in tali casi, informazioni significative sulla logica utilizzata, nonch\u00e9 l&#8217;importanza e le conseguenze previste di tale trattamento per l&#8217;interessato<br \/>\nQualora i dati siano trasferiti ad un paese terzo o ad una organizzazione internazionale Lei ha diritto di essere informato sull\u2019esistenza di garanzie adeguate ai sensi dell\u2019art. 46 del GDPR.<\/p>\n<p>Per esercitare tali diritti potr\u00e0 rivolgersi alla nostra Struttura all\u2019indirizzo e-mail\u00a0<img loading=\"lazy\" decoding=\"async\" src=\"\/\/www.aicdogschool.it\/blog\/wp-content\/uploads\/2018\/09\/email.png\" alt=\"\" width=\"151\" height=\"19\" border=\"0\" \/> o inviando una missiva via raccomandata A\/R. Il Titolare Le risponder\u00e0 entro 30 giorni dalla ricezione della Sua richiesta formale.<br \/>\nLe ricordiamo inoltre che, in caso di violazione dei suoi dati personali, Lei ha diritto di proporre un reclamo all&#8217;autorit\u00e0 competente: \u201cGarante per la protezione dei dati personali\u201d.<\/p>\n<p><strong>Identificativi del Titolare e, se designati, del Rappresentante nel territorio dello Stato e del Responsabile della protezione dei dati.<\/strong><\/p>\n<p>Titolare del trattamento<br \/>\nTitolare del trattamento \u00e8 la scrivente A.I.C. Dog School a.s.d., con sede legale in Via Circonvallazione Est, 20 \u2013 33033 \u2013 Codroipo (UD)<\/p>\n<p>Responsabile della protezione dei dati<br \/>\nIl Responsabile della protezione dei dati (RPD), \u00e8 individuato in Michele Zoratto<\/p>\n<p>Responsabili del trattamento<br \/>\nPer le finalit\u00e0 sopra indicate, non \u00e8 prevista da parte di A.I.C. Dog School a.s.d. la nomina di Responsabili del Trattamento.<\/p>\n<p>Rappresentante stabilito nel territorio dello Stato<br \/>\nSi informa che, la nostra organizzazione ai sensi dell\u2019art. 4 comma 1, punto 17 GDPR, non ricorrendo alcuna circostanza prevista dal predetto Regolamento che richieda tale nomina, non ha nominato alcun Rappresentante stabilito nel territorio dello Stato ai fini dell&#8217;applicazione della disciplina sul trattamento dei dati personali.<\/p>\n<p>I trattamenti senza la necessit\u00e0 del consenso dell\u2019interessato<br \/>\nSi precisa che lo scrivente, pur in carenza di un Suo consenso, avr\u00e0 titolo per trattare i Suoi dati personali qualora questo si renda necessario per:<\/p>\n<ul>\n<li>adempiere ad un obbligo previsto dalla legge, da un regolamento o dalla normativa comunitaria;<\/li>\n<li>eseguire obblighi derivanti da un contratto del quale Lei \u00e8 parte o per adempiere, prima della conclusione del contratto, a specifiche Sue richieste.<\/li>\n<\/ul>\n<p>Il Suo espresso consenso, inoltre, non \u00e8 richiesto quando il trattamento:<br \/>\na)\u00a0\u00a0 \u00a0riguardi dati provenienti da pubblici registri, elenchi, atti o documenti conoscibili da chiunque, fermi restando i limiti e le modalit\u00e0 che le leggi, i regolamenti o la normativa comunitaria stabiliscono per la conoscibilit\u00e0 e pubblicit\u00e0 dei dati ovvero dati relativi allo svolgimento di attivit\u00e0 economiche, trattati nel rispetto della vigente normativa in materia di segreto aziendale e industriale;<br \/>\nb)\u00a0\u00a0 \u00a0sia necessario per la salvaguardia della vita o dell\u2019incolumit\u00e0 fisica di un terzo (in tal caso, il titolare \u00e8 tenuto a portare a conoscenza del trattamento dei dati personali il soggetto interessato mediante l\u2019informativa anche successivamente al trattamento stesso, ma senza ritardo. In detta ipotesi, pertanto, il consenso \u00e8 espresso a seguito della presentazione della informativa);<br \/>\nc)\u00a0\u00a0 \u00a0con esclusione della diffusione, si renda necessario ai fini dello svolgimento delle investigazioni difensive di cui alla legge 7 dicembre 2000, n. 397, o, comunque, per far valere o difendere un diritto in sede giudiziaria, sempre che i dati siano trattati esclusivamente per tali finalit\u00e0 e per il periodo strettamente necessario al loro perseguimento, nel rispetto della vigente normativa in materia di segreto aziendale e industriale;<br \/>\nd)\u00a0\u00a0 \u00a0con esclusione della diffusione, risulti necessario, nei casi individuati dal Garante sulla base dei principi sanciti dalla legge, per perseguire un legittimo interesse del titolare o di un terzo destinatario dei dati, anche in riferimento all\u2019attivit\u00e0 di gruppi bancari e di societ\u00e0 controllate o collegate, qualora non prevalgano i diritti e le libert\u00e0 fondamentali, la dignit\u00e0 o un legittimo interesse dell\u2019interessato.<\/p>\n<p><strong>Il TITOLARE\u00a0\u00a0 \u00a0\u00a0\u00a0 \u00a0<\/strong><br \/>\n<strong>del trattamento dei dati personali<\/strong><br \/>\n<strong><br \/>\nA.I.C. Dog School a.s.d.<\/strong><\/p>\n","protected":false},"excerpt":{"rendered":"<p>INFORMATIVA SUL TRATTAMENTO DEI DATI PERSONALI PER NAVIGAZIONE SITO E COOKIES Ai sensi degli articoli 12 e ss. del Regolamento (UE) 2016\/679 (GDPR) Oggetto Informativa sul trattamento dei dati personali ai sensi degli articoli 12 e ss. del Regolamento (UE) 2016\/679 del Parlamento Europeo e del Consiglio del 27 Aprile 2016 Premessa Il Regolamento (UE) &hellip; <\/p>\n<p class=\"link-more\"><a href=\"https:\/\/www.aicdogschool.it\/blog\/privacy\/\" class=\"more-link\">Leggi tutto<span class=\"screen-reader-text\"> &#8220;Informativa sulla privacy&#8221;<\/span><\/a><\/p>\n","protected":false},"author":4,"featured_media":0,"parent":0,"menu_order":0,"comment_status":"closed","ping_status":"closed","template":"","meta":{"footnotes":""},"class_list":["post-959","page","type-page","status-publish","hentry"],"_links":{"self":[{"href":"https:\/\/www.aicdogschool.it\/blog\/wp-json\/wp\/v2\/pages\/959","targetHints":{"allow":["GET"]}}],"collection":[{"href":"https:\/\/www.aicdogschool.it\/blog\/wp-json\/wp\/v2\/pages"}],"about":[{"href":"https:\/\/www.aicdogschool.it\/blog\/wp-json\/wp\/v2\/types\/page"}],"author":[{"embeddable":true,"href":"https:\/\/www.aicdogschool.it\/blog\/wp-json\/wp\/v2\/users\/4"}],"replies":[{"embeddable":true,"href":"https:\/\/www.aicdogschool.it\/blog\/wp-json\/wp\/v2\/comments?post=959"}],"version-history":[{"count":2,"href":"https:\/\/www.aicdogschool.it\/blog\/wp-json\/wp\/v2\/pages\/959\/revisions"}],"predecessor-version":[{"id":963,"href":"https:\/\/www.aicdogschool.it\/blog\/wp-json\/wp\/v2\/pages\/959\/revisions\/963"}],"wp:attachment":[{"href":"https:\/\/www.aicdogschool.it\/blog\/wp-json\/wp\/v2\/media?parent=959"}],"curies":[{"name":"wp","href":"https:\/\/api.w.org\/{rel}","templated":true}]}}